{"id":115,"date":"2019-06-24T07:11:50","date_gmt":"2019-06-24T05:11:50","guid":{"rendered":"http:\/\/www.slovenskabanska.sk\/?page_id=115"},"modified":"2019-09-05T11:09:56","modified_gmt":"2019-09-05T09:09:56","slug":"odkalisko","status":"publish","type":"page","link":"https:\/\/www.slovenskabanska.sk\/?page_id=115","title":{"rendered":"Odkalisko"},"content":{"rendered":"\n<p>Kaly po flot\u00e1cii s\u00fa \u010derpan\u00e9 z flota\u010dnej \u00fapravne na odkalisko, ktor\u00e9 sl\u00fa\u017ei na ukladanie pieskov vznikaj\u00facich pri flota\u010dnej \u00faprave r\u00fad a n\u00e1sledn\u00e9 \u010distenie odpadov\u00fdch v\u00f4d sediment\u00e1ciou odpadov\u00fdch pieskov.<\/p>\n\n\n\n<div class=\"wp-block-image\"><figure class=\"aligncenter is-resized\"><img loading=\"lazy\" src=\"http:\/\/www.slovenskabanska.sk\/wp-content\/uploads\/2019\/09\/20190625_075019-1-1024x576.jpg\" alt=\"\" class=\"wp-image-229\" width=\"400\" height=\"224\" srcset=\"https:\/\/www.slovenskabanska.sk\/wp-content\/uploads\/2019\/09\/20190625_075019-1-1024x576.jpg 1024w, https:\/\/www.slovenskabanska.sk\/wp-content\/uploads\/2019\/09\/20190625_075019-1-300x169.jpg 300w, https:\/\/www.slovenskabanska.sk\/wp-content\/uploads\/2019\/09\/20190625_075019-1-768x432.jpg 768w\" sizes=\"(max-width: 400px) 100vw, 400px\" \/><figcaption>Poh\u013ead na hladinu odkaliska smerom od svahu k hr\u00e1dzi.<\/figcaption><\/figure><\/div>\n\n\n\n<p>Ako opatrenie na zn\u00ed\u017eenie pra\u0161nosti je hr\u00e1dza odkaliska prekryt\u00e1 biodegradovate\u013enou geotext\u00edliou. Povrch je zavla\u017eovan\u00fd automatick\u00fdm z\u00e1vlahov\u00fdm syst\u00e9mom so sledovan\u00edm poveternostn\u00fdch podmienok a atmosf\u00e9rick\u00fdch zr\u00e1\u017eok.<\/p>\n\n\n\n<div class=\"wp-block-image\"><figure class=\"aligncenter is-resized\"><img loading=\"lazy\" src=\"http:\/\/www.slovenskabanska.sk\/wp-content\/uploads\/2019\/09\/20190625_074207-1024x576.jpg\" alt=\"\" class=\"wp-image-236\" width=\"400\" height=\"225\" srcset=\"https:\/\/www.slovenskabanska.sk\/wp-content\/uploads\/2019\/09\/20190625_074207-1024x576.jpg 1024w, https:\/\/www.slovenskabanska.sk\/wp-content\/uploads\/2019\/09\/20190625_074207-300x169.jpg 300w, https:\/\/www.slovenskabanska.sk\/wp-content\/uploads\/2019\/09\/20190625_074207-768x432.jpg 768w\" sizes=\"(max-width: 400px) 100vw, 400px\" \/><figcaption>Hr\u00e1dza odkaliska a z\u00e1vlahov\u00fd syst\u00e9m na zn\u00ed\u017eenie pra\u0161nosti.<\/figcaption><\/figure><\/div>\n\n\n\n<p>Voda na odkalisku poskytuje vhodn\u00e9 podmienky pre rozvoj rastl\u00edn a \u017eivo\u010d\u00edchov. \u00dato\u010disko tu pravidelne nach\u00e1dzaj\u00fa div\u00e9 ka\u010dice, \u017eubrienky a rozmanit\u00fd vodn\u00fd hmyz.<\/p>\n\n\n\n<div class=\"wp-block-image\"><figure class=\"aligncenter is-resized\"><img loading=\"lazy\" src=\"http:\/\/www.slovenskabanska.sk\/wp-content\/uploads\/2019\/09\/odkalisko_fauna_flora-724x1024.jpg\" alt=\"\" class=\"wp-image-232\" width=\"423\" height=\"598\" srcset=\"https:\/\/www.slovenskabanska.sk\/wp-content\/uploads\/2019\/09\/odkalisko_fauna_flora-724x1024.jpg 724w, https:\/\/www.slovenskabanska.sk\/wp-content\/uploads\/2019\/09\/odkalisko_fauna_flora-212x300.jpg 212w, https:\/\/www.slovenskabanska.sk\/wp-content\/uploads\/2019\/09\/odkalisko_fauna_flora-768x1086.jpg 768w, https:\/\/www.slovenskabanska.sk\/wp-content\/uploads\/2019\/09\/odkalisko_fauna_flora.jpg 794w\" sizes=\"(max-width: 423px) 100vw, 423px\" \/><figcaption>Fauna a fl\u00f3ra na odkalisku.<\/figcaption><\/figure><\/div>\n\n\n\n<p>Kvalita odtekaj\u00facej vody je pravidelne vzorkovan\u00e1 automatick\u00fdm syst\u00e9mom odberu vzoriek a analyzovan\u00e1. Ukazovatele kvality so zna\u010dnou rezervou sp\u013a\u0148aj\u00fa stanoven\u00e9 po\u017eiadavky.<\/p>\n\n\n\n<div class=\"wp-block-image\"><figure class=\"aligncenter is-resized\"><img loading=\"lazy\" src=\"http:\/\/www.slovenskabanska.sk\/wp-content\/uploads\/2019\/09\/20190625_075951_HDR-1-1024x576.jpg\" alt=\"\" class=\"wp-image-242\" width=\"400\" height=\"225\" srcset=\"https:\/\/www.slovenskabanska.sk\/wp-content\/uploads\/2019\/09\/20190625_075951_HDR-1-1024x576.jpg 1024w, https:\/\/www.slovenskabanska.sk\/wp-content\/uploads\/2019\/09\/20190625_075951_HDR-1-300x169.jpg 300w, https:\/\/www.slovenskabanska.sk\/wp-content\/uploads\/2019\/09\/20190625_075951_HDR-1-768x432.jpg 768w\" sizes=\"(max-width: 400px) 100vw, 400px\" \/><figcaption>Zbern\u00e1 n\u00e1dr\u017e na vodu s automatick\u00fdm vzorkovan\u00edm.<\/figcaption><\/figure><\/div>\n","protected":false},"excerpt":{"rendered":"<p>Kaly po flot\u00e1cii s\u00fa \u010derpan\u00e9 z flota\u010dnej \u00fapravne na odkalisko, ktor\u00e9 sl\u00fa\u017ei na ukladanie pieskov vznikaj\u00facich pri flota\u010dnej \u00faprave r\u00fad a n\u00e1sledn\u00e9 \u010distenie odpadov\u00fdch v\u00f4d sediment\u00e1ciou odpadov\u00fdch pieskov. Ako opatrenie na zn\u00ed\u017eenie pra\u0161nosti je hr\u00e1dza odkaliska prekryt\u00e1 biodegradovate\u013enou geotext\u00edliou. Povrch&hellip; <\/p>\n","protected":false},"author":1,"featured_media":0,"parent":102,"menu_order":0,"comment_status":"closed","ping_status":"closed","template":"","meta":{"ngg_post_thumbnail":0},"_links":{"self":[{"href":"https:\/\/www.slovenskabanska.sk\/index.php?rest_route=\/wp\/v2\/pages\/115"}],"collection":[{"href":"https:\/\/www.slovenskabanska.sk\/index.php?rest_route=\/wp\/v2\/pages"}],"about":[{"href":"https:\/\/www.slovenskabanska.sk\/index.php?rest_route=\/wp\/v2\/types\/page"}],"author":[{"embeddable":true,"href":"https:\/\/www.slovenskabanska.sk\/index.php?rest_route=\/wp\/v2\/users\/1"}],"replies":[{"embeddable":true,"href":"https:\/\/www.slovenskabanska.sk\/index.php?rest_route=%2Fwp%2Fv2%2Fcomments&post=115"}],"version-history":[{"count":15,"href":"https:\/\/www.slovenskabanska.sk\/index.php?rest_route=\/wp\/v2\/pages\/115\/revisions"}],"predecessor-version":[{"id":254,"href":"https:\/\/www.slovenskabanska.sk\/index.php?rest_route=\/wp\/v2\/pages\/115\/revisions\/254"}],"up":[{"embeddable":true,"href":"https:\/\/www.slovenskabanska.sk\/index.php?rest_route=\/wp\/v2\/pages\/102"}],"wp:attachment":[{"href":"https:\/\/www.slovenskabanska.sk\/index.php?rest_route=%2Fwp%2Fv2%2Fmedia&parent=115"}],"curies":[{"name":"wp","href":"https:\/\/api.w.org\/{rel}","templated":true}]}}