{"id":366,"date":"2021-06-29T06:11:21","date_gmt":"2021-06-29T04:11:21","guid":{"rendered":"https:\/\/www.slovenskabanska.sk\/?page_id=366"},"modified":"2021-06-29T06:11:21","modified_gmt":"2021-06-29T04:11:21","slug":"expozicia","status":"publish","type":"page","link":"https:\/\/www.slovenskabanska.sk\/?page_id=366","title":{"rendered":"Expoz\u00edcia"},"content":{"rendered":"\n<p>Po\u010dn\u00fac rokom 1994 organiz\u00e1cia popri hlavnej v\u00fdrobnej \u010dinnosti buduje a prev\u00e1dzkuje mont\u00e1nn\u00fd komplex na bani Star\u00e1 \u0161t\u00f4lna v\u0161etk\u00fdch sv\u00e4t\u00fdch (Starov\u0161echsv\u00e4t\u00fdch) nazvan\u00fd Hodru\u0161sk\u00e9 hlbiny &#8211; podzemn\u00fd svet ban\u00edkov.<\/p>\n\n\n\n<p><a href=\"http:\/\/www.hodrusskehlbiny.sk\/\" target=\"_blank\" rel=\"noreferrer noopener\">http:\/\/www.hodrusskehlbiny.sk\/<\/a><\/p>\n\n\n\n<figure class=\"wp-block-gallery columns-3 is-cropped\"><ul class=\"blocks-gallery-grid\"><li class=\"blocks-gallery-item\"><figure><img loading=\"lazy\" width=\"1024\" height=\"683\" src=\"http:\/\/www.slovenskabanska.sk\/wp-content\/uploads\/2021\/06\/Hodrusa-Vsech-Svatych-Foto-Luzina-30-1024x683.jpg\" alt=\"\" data-id=\"346\" data-full-url=\"http:\/\/www.slovenskabanska.sk\/wp-content\/uploads\/2021\/06\/Hodrusa-Vsech-Svatych-Foto-Luzina-30-scaled.jpg\" data-link=\"https:\/\/www.slovenskabanska.sk\/?attachment_id=346\" class=\"wp-image-346\" srcset=\"https:\/\/www.slovenskabanska.sk\/wp-content\/uploads\/2021\/06\/Hodrusa-Vsech-Svatych-Foto-Luzina-30-1024x683.jpg 1024w, https:\/\/www.slovenskabanska.sk\/wp-content\/uploads\/2021\/06\/Hodrusa-Vsech-Svatych-Foto-Luzina-30-300x200.jpg 300w, https:\/\/www.slovenskabanska.sk\/wp-content\/uploads\/2021\/06\/Hodrusa-Vsech-Svatych-Foto-Luzina-30-768x512.jpg 768w, https:\/\/www.slovenskabanska.sk\/wp-content\/uploads\/2021\/06\/Hodrusa-Vsech-Svatych-Foto-Luzina-30-1536x1024.jpg 1536w, https:\/\/www.slovenskabanska.sk\/wp-content\/uploads\/2021\/06\/Hodrusa-Vsech-Svatych-Foto-Luzina-30-2048x1365.jpg 2048w\" sizes=\"(max-width: 1024px) 100vw, 1024px\" \/><\/figure><\/li><li class=\"blocks-gallery-item\"><figure><img loading=\"lazy\" width=\"1024\" height=\"683\" src=\"http:\/\/www.slovenskabanska.sk\/wp-content\/uploads\/2021\/06\/Hodrusa-Vsech-Svatych-Foto-Luzina-19-1024x683.jpg\" alt=\"\" data-id=\"345\" data-full-url=\"http:\/\/www.slovenskabanska.sk\/wp-content\/uploads\/2021\/06\/Hodrusa-Vsech-Svatych-Foto-Luzina-19-scaled.jpg\" data-link=\"https:\/\/www.slovenskabanska.sk\/?attachment_id=345\" class=\"wp-image-345\" srcset=\"https:\/\/www.slovenskabanska.sk\/wp-content\/uploads\/2021\/06\/Hodrusa-Vsech-Svatych-Foto-Luzina-19-1024x683.jpg 1024w, https:\/\/www.slovenskabanska.sk\/wp-content\/uploads\/2021\/06\/Hodrusa-Vsech-Svatych-Foto-Luzina-19-300x200.jpg 300w, https:\/\/www.slovenskabanska.sk\/wp-content\/uploads\/2021\/06\/Hodrusa-Vsech-Svatych-Foto-Luzina-19-768x512.jpg 768w, https:\/\/www.slovenskabanska.sk\/wp-content\/uploads\/2021\/06\/Hodrusa-Vsech-Svatych-Foto-Luzina-19-1536x1024.jpg 1536w, https:\/\/www.slovenskabanska.sk\/wp-content\/uploads\/2021\/06\/Hodrusa-Vsech-Svatych-Foto-Luzina-19-2048x1365.jpg 2048w\" sizes=\"(max-width: 1024px) 100vw, 1024px\" \/><\/figure><\/li><li class=\"blocks-gallery-item\"><figure><img loading=\"lazy\" width=\"1024\" height=\"680\" src=\"http:\/\/www.slovenskabanska.sk\/wp-content\/uploads\/2021\/06\/Hodrusa-Vsech-Svatych-Foto-Luzina-18-1024x680.jpg\" alt=\"\" data-id=\"344\" data-full-url=\"http:\/\/www.slovenskabanska.sk\/wp-content\/uploads\/2021\/06\/Hodrusa-Vsech-Svatych-Foto-Luzina-18-scaled.jpg\" data-link=\"https:\/\/www.slovenskabanska.sk\/?attachment_id=344\" class=\"wp-image-344\" srcset=\"https:\/\/www.slovenskabanska.sk\/wp-content\/uploads\/2021\/06\/Hodrusa-Vsech-Svatych-Foto-Luzina-18-1024x680.jpg 1024w, https:\/\/www.slovenskabanska.sk\/wp-content\/uploads\/2021\/06\/Hodrusa-Vsech-Svatych-Foto-Luzina-18-300x199.jpg 300w, https:\/\/www.slovenskabanska.sk\/wp-content\/uploads\/2021\/06\/Hodrusa-Vsech-Svatych-Foto-Luzina-18-768x510.jpg 768w, https:\/\/www.slovenskabanska.sk\/wp-content\/uploads\/2021\/06\/Hodrusa-Vsech-Svatych-Foto-Luzina-18-1536x1020.jpg 1536w, https:\/\/www.slovenskabanska.sk\/wp-content\/uploads\/2021\/06\/Hodrusa-Vsech-Svatych-Foto-Luzina-18-2048x1360.jpg 2048w\" sizes=\"(max-width: 1024px) 100vw, 1024px\" \/><\/figure><\/li><li class=\"blocks-gallery-item\"><figure><img loading=\"lazy\" width=\"768\" height=\"1024\" src=\"http:\/\/www.slovenskabanska.sk\/wp-content\/uploads\/2021\/06\/Hodrusa-Vsech-Svatych-Foto-Luzina-7-768x1024.jpg\" alt=\"\" data-id=\"343\" data-full-url=\"http:\/\/www.slovenskabanska.sk\/wp-content\/uploads\/2021\/06\/Hodrusa-Vsech-Svatych-Foto-Luzina-7-scaled.jpg\" data-link=\"https:\/\/www.slovenskabanska.sk\/?attachment_id=343\" class=\"wp-image-343\" srcset=\"https:\/\/www.slovenskabanska.sk\/wp-content\/uploads\/2021\/06\/Hodrusa-Vsech-Svatych-Foto-Luzina-7-768x1024.jpg 768w, https:\/\/www.slovenskabanska.sk\/wp-content\/uploads\/2021\/06\/Hodrusa-Vsech-Svatych-Foto-Luzina-7-225x300.jpg 225w, https:\/\/www.slovenskabanska.sk\/wp-content\/uploads\/2021\/06\/Hodrusa-Vsech-Svatych-Foto-Luzina-7-1152x1536.jpg 1152w, https:\/\/www.slovenskabanska.sk\/wp-content\/uploads\/2021\/06\/Hodrusa-Vsech-Svatych-Foto-Luzina-7-1536x2048.jpg 1536w, https:\/\/www.slovenskabanska.sk\/wp-content\/uploads\/2021\/06\/Hodrusa-Vsech-Svatych-Foto-Luzina-7-scaled.jpg 1920w\" sizes=\"(max-width: 768px) 100vw, 768px\" \/><\/figure><\/li><\/ul><\/figure>\n\n\n\n<p><\/p>\n","protected":false},"excerpt":{"rendered":"<p>Po\u010dn\u00fac rokom 1994 organiz\u00e1cia popri hlavnej v\u00fdrobnej \u010dinnosti buduje a prev\u00e1dzkuje mont\u00e1nn\u00fd komplex na bani Star\u00e1 \u0161t\u00f4lna v\u0161etk\u00fdch sv\u00e4t\u00fdch (Starov\u0161echsv\u00e4t\u00fdch) nazvan\u00fd Hodru\u0161sk\u00e9 hlbiny &#8211; podzemn\u00fd svet ban\u00edkov. http:\/\/www.hodrusskehlbiny.sk\/<\/p>\n","protected":false},"author":1,"featured_media":0,"parent":0,"menu_order":0,"comment_status":"closed","ping_status":"closed","template":"","meta":{"ngg_post_thumbnail":0},"_links":{"self":[{"href":"https:\/\/www.slovenskabanska.sk\/index.php?rest_route=\/wp\/v2\/pages\/366"}],"collection":[{"href":"https:\/\/www.slovenskabanska.sk\/index.php?rest_route=\/wp\/v2\/pages"}],"about":[{"href":"https:\/\/www.slovenskabanska.sk\/index.php?rest_route=\/wp\/v2\/types\/page"}],"author":[{"embeddable":true,"href":"https:\/\/www.slovenskabanska.sk\/index.php?rest_route=\/wp\/v2\/users\/1"}],"replies":[{"embeddable":true,"href":"https:\/\/www.slovenskabanska.sk\/index.php?rest_route=%2Fwp%2Fv2%2Fcomments&post=366"}],"version-history":[{"count":1,"href":"https:\/\/www.slovenskabanska.sk\/index.php?rest_route=\/wp\/v2\/pages\/366\/revisions"}],"predecessor-version":[{"id":367,"href":"https:\/\/www.slovenskabanska.sk\/index.php?rest_route=\/wp\/v2\/pages\/366\/revisions\/367"}],"wp:attachment":[{"href":"https:\/\/www.slovenskabanska.sk\/index.php?rest_route=%2Fwp%2Fv2%2Fmedia&parent=366"}],"curies":[{"name":"wp","href":"https:\/\/api.w.org\/{rel}","templated":true}]}}