{"id":8,"date":"2019-06-14T14:01:33","date_gmt":"2019-06-14T12:01:33","guid":{"rendered":"http:\/\/www.slovenskabanska.sk\/?page_id=8"},"modified":"2023-04-19T09:42:59","modified_gmt":"2023-04-19T07:42:59","slug":"o-firme","status":"publish","type":"page","link":"https:\/\/www.slovenskabanska.sk\/","title":{"rendered":"O firme"},"content":{"rendered":"<p>Slovensk\u00e1 bansk\u00e1, spol. s r.o. Hodru\u0161a-H\u00e1mre je bansk\u00e1 a obchodn\u00e1 spolo\u010dnos\u0165 zalo\u017een\u00e1 v roku 1993, ktorej hlavnou v\u00fdrobnou \u010dinnos\u0165ou je \u0165a\u017eba a spracovanie polymetalick\u00fdch r\u00fad. Nadv\u00e4zuje pritom na trad\u00edciu mnoh\u00fdch predch\u00e1dzaj\u00facich \u0161t\u00e1tnych aj s\u00fakromn\u00fdch bansk\u00fdch spolo\u010dnost\u00ed p\u00f4sobiacich v minulosti v \u0161tiavnicko-hodru\u0161skom rudnom raj\u00f3ne. \u0164a\u017eobn\u00e9 aktivity vykon\u00e1va na bani Roz\u00e1lia nach\u00e1dzaj\u00facej sa v hlbin\u00e1ch vrchov Tan\u00e1d a Paradajz v samom z\u00e1vere Hodru\u0161skej doliny. Spracovanie r\u00fad sa uskuto\u010d\u0148uje v \u00fapravni z\u00e1vodu na flota\u010dn\u00fd koncentr\u00e1t. Ten je \u010falej na fin\u00e1lne kovy upravovan\u00fd v zahrani\u010dnej hute.<\/p>\n<p>Bansk\u00fd z\u00e1vod v Hodru\u0161i-H\u00e1mroch je posledn\u00fdm z\u00e1vodom zameran\u00fdm na \u0165a\u017ebu a spracovanie r\u00fad na celom \u00fazem\u00ed Slovenska, ba cel\u00e9ho b\u00fdval\u00e9ho \u010cesko-Slovenska.<\/p>\n<p>Po\u010dn\u00fac rokom 1994 organiz\u00e1cia popri hlavnej v\u00fdrobnej \u010dinnosti buduje a prev\u00e1dzkuje mont\u00e1nny komplex na bani Star\u00e1 \u0161t\u00f4lna v\u0161etk\u00fdch sv\u00e4t\u00fdch (Starov\u0161echsv\u00e4t\u00fdch) nazvan\u00fd Hodru\u0161sk\u00e9 hlbiny &#8211; podzemn\u00fd svet ban\u00edkov.<\/p>\n\n\n<!-- default-view.php -->\n<div\n\tclass=\"ngg-galleryoverview default-view \"\n\tid=\"ngg-gallery-60a6b3b2340d5313af5cb9e5c6fd36ae-1\">\n\n\t\t<!-- Thumbnails -->\n\t\t\t\t<div id=\"ngg-image-0\" class=\"ngg-gallery-thumbnail-box \" >\n\t\t\t\t        <div class=\"ngg-gallery-thumbnail\">\n            <a href=\"https:\/\/www.slovenskabanska.sk\/wp-content\/gallery\/firma\/sw202509_0179-scaled.jpg\"\n               title=\"\"\n               data-src=\"https:\/\/www.slovenskabanska.sk\/wp-content\/gallery\/firma\/sw202509_0179-scaled.jpg\"\n               data-thumbnail=\"https:\/\/www.slovenskabanska.sk\/wp-content\/gallery\/firma\/thumbs\/thumbs_sw202509_0179-scaled.jpg\"\n               data-image-id=\"36\"\n               data-title=\"sw202509_0179-scaled\"\n               data-description=\"\"\n               data-image-slug=\"sw202509_0179-scaled-1\"\n               class=\"ngg-simplelightbox\" rel=\"60a6b3b2340d5313af5cb9e5c6fd36ae\">\n                <img\n                    title=\"sw202509_0179-scaled\"\n                    alt=\"sw202509_0179-scaled\"\n                    src=\"https:\/\/www.slovenskabanska.sk\/wp-content\/gallery\/firma\/thumbs\/thumbs_sw202509_0179-scaled.jpg\"\n                    width=\"240\"\n                    height=\"160\"\n                    style=\"max-width:100%;\"\n                \/>\n            <\/a>\n        <\/div>\n\t\t\t\t\t\t\t<\/div> \n\t\t\t\n\t\t\t\t<div id=\"ngg-image-1\" class=\"ngg-gallery-thumbnail-box \" >\n\t\t\t\t        <div class=\"ngg-gallery-thumbnail\">\n            <a href=\"https:\/\/www.slovenskabanska.sk\/wp-content\/gallery\/firma\/Stolna-Jan-Krstitel-Foto%C2%A9Luzina-10-scaled.jpg\"\n               title=\"\"\n               data-src=\"https:\/\/www.slovenskabanska.sk\/wp-content\/gallery\/firma\/Stolna-Jan-Krstitel-Foto%C2%A9Luzina-10-scaled.jpg\"\n               data-thumbnail=\"https:\/\/www.slovenskabanska.sk\/wp-content\/gallery\/firma\/thumbs\/thumbs_Stolna-Jan-Krstitel-Foto%C2%A9Luzina-10-scaled.jpg\"\n               data-image-id=\"37\"\n               data-title=\"Stolna-Jan-Krstitel-Foto\u00a9Luzina-10-scaled\"\n               data-description=\"\"\n               data-image-slug=\"stolna-jan-krstitel-foto%c2%a9luzina-10-scaled\"\n               class=\"ngg-simplelightbox\" rel=\"60a6b3b2340d5313af5cb9e5c6fd36ae\">\n                <img\n                    title=\"Stolna-Jan-Krstitel-Foto\u00a9Luzina-10-scaled\"\n                    alt=\"Stolna-Jan-Krstitel-Foto\u00a9Luzina-10-scaled\"\n                    src=\"https:\/\/www.slovenskabanska.sk\/wp-content\/gallery\/firma\/thumbs\/thumbs_Stolna-Jan-Krstitel-Foto%C2%A9Luzina-10-scaled.jpg\"\n                    width=\"240\"\n                    height=\"160\"\n                    style=\"max-width:100%;\"\n                \/>\n            <\/a>\n        <\/div>\n\t\t\t\t\t\t\t<\/div> \n\t\t\t\n\t\t\t\t<div id=\"ngg-image-2\" class=\"ngg-gallery-thumbnail-box \" >\n\t\t\t\t        <div class=\"ngg-gallery-thumbnail\">\n            <a href=\"https:\/\/www.slovenskabanska.sk\/wp-content\/gallery\/firma\/Stolna-Jan-Krstitel-Foto%C2%A9Luzina-13-scaled.jpg\"\n               title=\"\"\n               data-src=\"https:\/\/www.slovenskabanska.sk\/wp-content\/gallery\/firma\/Stolna-Jan-Krstitel-Foto%C2%A9Luzina-13-scaled.jpg\"\n               data-thumbnail=\"https:\/\/www.slovenskabanska.sk\/wp-content\/gallery\/firma\/thumbs\/thumbs_Stolna-Jan-Krstitel-Foto%C2%A9Luzina-13-scaled.jpg\"\n               data-image-id=\"38\"\n               data-title=\"Stolna-Jan-Krstitel-Foto\u00a9Luzina-13-scaled\"\n               data-description=\"\"\n               data-image-slug=\"stolna-jan-krstitel-foto%c2%a9luzina-13-scaled\"\n               class=\"ngg-simplelightbox\" rel=\"60a6b3b2340d5313af5cb9e5c6fd36ae\">\n                <img\n                    title=\"Stolna-Jan-Krstitel-Foto\u00a9Luzina-13-scaled\"\n                    alt=\"Stolna-Jan-Krstitel-Foto\u00a9Luzina-13-scaled\"\n                    src=\"https:\/\/www.slovenskabanska.sk\/wp-content\/gallery\/firma\/thumbs\/thumbs_Stolna-Jan-Krstitel-Foto%C2%A9Luzina-13-scaled.jpg\"\n                    width=\"240\"\n                    height=\"160\"\n                    style=\"max-width:100%;\"\n                \/>\n            <\/a>\n        <\/div>\n\t\t\t\t\t\t\t<\/div> \n\t\t\t\n\t\t\t\t<div id=\"ngg-image-3\" class=\"ngg-gallery-thumbnail-box \" >\n\t\t\t\t        <div class=\"ngg-gallery-thumbnail\">\n            <a href=\"https:\/\/www.slovenskabanska.sk\/wp-content\/gallery\/firma\/1415245_512741318840880_476144078_o.jpg\"\n               title=\"\"\n               data-src=\"https:\/\/www.slovenskabanska.sk\/wp-content\/gallery\/firma\/1415245_512741318840880_476144078_o.jpg\"\n               data-thumbnail=\"https:\/\/www.slovenskabanska.sk\/wp-content\/gallery\/firma\/thumbs\/thumbs_1415245_512741318840880_476144078_o.jpg\"\n               data-image-id=\"39\"\n               data-title=\"1415245_512741318840880_476144078_o\"\n               data-description=\"\"\n               data-image-slug=\"1415245_512741318840880_476144078_o\"\n               class=\"ngg-simplelightbox\" rel=\"60a6b3b2340d5313af5cb9e5c6fd36ae\">\n                <img\n                    title=\"1415245_512741318840880_476144078_o\"\n                    alt=\"1415245_512741318840880_476144078_o\"\n                    src=\"https:\/\/www.slovenskabanska.sk\/wp-content\/gallery\/firma\/thumbs\/thumbs_1415245_512741318840880_476144078_o.jpg\"\n                    width=\"240\"\n                    height=\"160\"\n                    style=\"max-width:100%;\"\n                \/>\n            <\/a>\n        <\/div>\n\t\t\t\t\t\t\t<\/div> \n\t\t\t\n\t\t\t\t<div id=\"ngg-image-4\" class=\"ngg-gallery-thumbnail-box \" >\n\t\t\t\t        <div class=\"ngg-gallery-thumbnail\">\n            <a href=\"https:\/\/www.slovenskabanska.sk\/wp-content\/gallery\/firma\/Ban-den-scaled.jpg\"\n               title=\"\"\n               data-src=\"https:\/\/www.slovenskabanska.sk\/wp-content\/gallery\/firma\/Ban-den-scaled.jpg\"\n               data-thumbnail=\"https:\/\/www.slovenskabanska.sk\/wp-content\/gallery\/firma\/thumbs\/thumbs_Ban-den-scaled.jpg\"\n               data-image-id=\"40\"\n               data-title=\"Ban-den-scaled\"\n               data-description=\"\"\n               data-image-slug=\"ban-den-scaled\"\n               class=\"ngg-simplelightbox\" rel=\"60a6b3b2340d5313af5cb9e5c6fd36ae\">\n                <img\n                    title=\"Ban-den-scaled\"\n                    alt=\"Ban-den-scaled\"\n                    src=\"https:\/\/www.slovenskabanska.sk\/wp-content\/gallery\/firma\/thumbs\/thumbs_Ban-den-scaled.jpg\"\n                    width=\"240\"\n                    height=\"160\"\n                    style=\"max-width:100%;\"\n                \/>\n            <\/a>\n        <\/div>\n\t\t\t\t\t\t\t<\/div> \n\t\t\t\n\t\t\t\t<div id=\"ngg-image-5\" class=\"ngg-gallery-thumbnail-box \" >\n\t\t\t\t        <div class=\"ngg-gallery-thumbnail\">\n            <a href=\"https:\/\/www.slovenskabanska.sk\/wp-content\/gallery\/firma\/Narazisko-scaled.jpg\"\n               title=\"\"\n               data-src=\"https:\/\/www.slovenskabanska.sk\/wp-content\/gallery\/firma\/Narazisko-scaled.jpg\"\n               data-thumbnail=\"https:\/\/www.slovenskabanska.sk\/wp-content\/gallery\/firma\/thumbs\/thumbs_Narazisko-scaled.jpg\"\n               data-image-id=\"41\"\n               data-title=\"Narazisko-scaled\"\n               data-description=\"\"\n               data-image-slug=\"narazisko-scaled\"\n               class=\"ngg-simplelightbox\" rel=\"60a6b3b2340d5313af5cb9e5c6fd36ae\">\n                <img\n                    title=\"Narazisko-scaled\"\n                    alt=\"Narazisko-scaled\"\n                    src=\"https:\/\/www.slovenskabanska.sk\/wp-content\/gallery\/firma\/thumbs\/thumbs_Narazisko-scaled.jpg\"\n                    width=\"240\"\n                    height=\"160\"\n                    style=\"max-width:100%;\"\n                \/>\n            <\/a>\n        <\/div>\n\t\t\t\t\t\t\t<\/div> \n\t\t\t\n\t\t\t\t<div id=\"ngg-image-6\" class=\"ngg-gallery-thumbnail-box \" >\n\t\t\t\t        <div class=\"ngg-gallery-thumbnail\">\n            <a href=\"https:\/\/www.slovenskabanska.sk\/wp-content\/gallery\/firma\/Kopanice-Baniste-Krstiny-Stiavnica-Mountains-20.10.12-Foto%C2%A9Luzina-102-scaled.jpg\"\n               title=\"\"\n               data-src=\"https:\/\/www.slovenskabanska.sk\/wp-content\/gallery\/firma\/Kopanice-Baniste-Krstiny-Stiavnica-Mountains-20.10.12-Foto%C2%A9Luzina-102-scaled.jpg\"\n               data-thumbnail=\"https:\/\/www.slovenskabanska.sk\/wp-content\/gallery\/firma\/thumbs\/thumbs_Kopanice-Baniste-Krstiny-Stiavnica-Mountains-20.10.12-Foto%C2%A9Luzina-102-scaled.jpg\"\n               data-image-id=\"42\"\n               data-title=\"Kopanice-Baniste-Krstiny-Stiavnica-Mountains-20.10.12-Foto\u00a9Luzina-102-scaled\"\n               data-description=\"\"\n               data-image-slug=\"kopanice-baniste-krstiny-stiavnica-mountains-20-10-12-foto%c2%a9luzina-102-scaled-1\"\n               class=\"ngg-simplelightbox\" rel=\"60a6b3b2340d5313af5cb9e5c6fd36ae\">\n                <img\n                    title=\"Kopanice-Baniste-Krstiny-Stiavnica-Mountains-20.10.12-Foto\u00a9Luzina-102-scaled\"\n                    alt=\"Kopanice-Baniste-Krstiny-Stiavnica-Mountains-20.10.12-Foto\u00a9Luzina-102-scaled\"\n                    src=\"https:\/\/www.slovenskabanska.sk\/wp-content\/gallery\/firma\/thumbs\/thumbs_Kopanice-Baniste-Krstiny-Stiavnica-Mountains-20.10.12-Foto%C2%A9Luzina-102-scaled.jpg\"\n                    width=\"240\"\n                    height=\"160\"\n                    style=\"max-width:100%;\"\n                \/>\n            <\/a>\n        <\/div>\n\t\t\t\t\t\t\t<\/div> \n\t\t\t\n\t\t\t\t<div id=\"ngg-image-7\" class=\"ngg-gallery-thumbnail-box \" >\n\t\t\t\t        <div class=\"ngg-gallery-thumbnail\">\n            <a href=\"https:\/\/www.slovenskabanska.sk\/wp-content\/gallery\/firma\/Photo_58940.jpg\"\n               title=\"\"\n               data-src=\"https:\/\/www.slovenskabanska.sk\/wp-content\/gallery\/firma\/Photo_58940.jpg\"\n               data-thumbnail=\"https:\/\/www.slovenskabanska.sk\/wp-content\/gallery\/firma\/thumbs\/thumbs_Photo_58940.jpg\"\n               data-image-id=\"43\"\n               data-title=\"Photo_58940\"\n               data-description=\"\"\n               data-image-slug=\"photo_58940\"\n               class=\"ngg-simplelightbox\" rel=\"60a6b3b2340d5313af5cb9e5c6fd36ae\">\n                <img\n                    title=\"Photo_58940\"\n                    alt=\"Photo_58940\"\n                    src=\"https:\/\/www.slovenskabanska.sk\/wp-content\/gallery\/firma\/thumbs\/thumbs_Photo_58940.jpg\"\n                    width=\"240\"\n                    height=\"160\"\n                    style=\"max-width:100%;\"\n                \/>\n            <\/a>\n        <\/div>\n\t\t\t\t\t\t\t<\/div> \n\t\t\t\n\t\t\t\t<div id=\"ngg-image-8\" class=\"ngg-gallery-thumbnail-box \" >\n\t\t\t\t        <div class=\"ngg-gallery-thumbnail\">\n            <a href=\"https:\/\/www.slovenskabanska.sk\/wp-content\/gallery\/firma\/papalasi1935-2.jpg\"\n               title=\"\"\n               data-src=\"https:\/\/www.slovenskabanska.sk\/wp-content\/gallery\/firma\/papalasi1935-2.jpg\"\n               data-thumbnail=\"https:\/\/www.slovenskabanska.sk\/wp-content\/gallery\/firma\/thumbs\/thumbs_papalasi1935-2.jpg\"\n               data-image-id=\"44\"\n               data-title=\"papalasi1935-2\"\n               data-description=\"\"\n               data-image-slug=\"papalasi1935-2\"\n               class=\"ngg-simplelightbox\" rel=\"60a6b3b2340d5313af5cb9e5c6fd36ae\">\n                <img\n                    title=\"papalasi1935-2\"\n                    alt=\"papalasi1935-2\"\n                    src=\"https:\/\/www.slovenskabanska.sk\/wp-content\/gallery\/firma\/thumbs\/thumbs_papalasi1935-2.jpg\"\n                    width=\"240\"\n                    height=\"160\"\n                    style=\"max-width:100%;\"\n                \/>\n            <\/a>\n        <\/div>\n\t\t\t\t\t\t\t<\/div> \n\t\t\t\n\t\t\t\t<div id=\"ngg-image-9\" class=\"ngg-gallery-thumbnail-box \" >\n\t\t\t\t        <div class=\"ngg-gallery-thumbnail\">\n            <a href=\"https:\/\/www.slovenskabanska.sk\/wp-content\/gallery\/firma\/papalasi1935.jpg\"\n               title=\"\"\n               data-src=\"https:\/\/www.slovenskabanska.sk\/wp-content\/gallery\/firma\/papalasi1935.jpg\"\n               data-thumbnail=\"https:\/\/www.slovenskabanska.sk\/wp-content\/gallery\/firma\/thumbs\/thumbs_papalasi1935.jpg\"\n               data-image-id=\"45\"\n               data-title=\"papalasi1935\"\n               data-description=\"\"\n               data-image-slug=\"papalasi1935-3\"\n               class=\"ngg-simplelightbox\" rel=\"60a6b3b2340d5313af5cb9e5c6fd36ae\">\n                <img\n                    title=\"papalasi1935\"\n                    alt=\"papalasi1935\"\n                    src=\"https:\/\/www.slovenskabanska.sk\/wp-content\/gallery\/firma\/thumbs\/thumbs_papalasi1935.jpg\"\n                    width=\"240\"\n                    height=\"160\"\n                    style=\"max-width:100%;\"\n                \/>\n            <\/a>\n        <\/div>\n\t\t\t\t\t\t\t<\/div> \n\t\t\t\n\t\t\t\t<div id=\"ngg-image-10\" class=\"ngg-gallery-thumbnail-box \" >\n\t\t\t\t        <div class=\"ngg-gallery-thumbnail\">\n            <a href=\"https:\/\/www.slovenskabanska.sk\/wp-content\/gallery\/firma\/P_GREG1.jpg\"\n               title=\"\"\n               data-src=\"https:\/\/www.slovenskabanska.sk\/wp-content\/gallery\/firma\/P_GREG1.jpg\"\n               data-thumbnail=\"https:\/\/www.slovenskabanska.sk\/wp-content\/gallery\/firma\/thumbs\/thumbs_P_GREG1.jpg\"\n               data-image-id=\"46\"\n               data-title=\"P_GREG1\"\n               data-description=\"\"\n               data-image-slug=\"p_greg1\"\n               class=\"ngg-simplelightbox\" rel=\"60a6b3b2340d5313af5cb9e5c6fd36ae\">\n                <img\n                    title=\"P_GREG1\"\n                    alt=\"P_GREG1\"\n                    src=\"https:\/\/www.slovenskabanska.sk\/wp-content\/gallery\/firma\/thumbs\/thumbs_P_GREG1.jpg\"\n                    width=\"240\"\n                    height=\"160\"\n                    style=\"max-width:100%;\"\n                \/>\n            <\/a>\n        <\/div>\n\t\t\t\t\t\t\t<\/div> \n\t\t\t\n\t\t\t\t<div id=\"ngg-image-11\" class=\"ngg-gallery-thumbnail-box \" >\n\t\t\t\t        <div class=\"ngg-gallery-thumbnail\">\n            <a href=\"https:\/\/www.slovenskabanska.sk\/wp-content\/gallery\/firma\/Stolna-Jan-Krstitel-Foto%C2%A9Luzina-23-scaled.jpg\"\n               title=\"\"\n               data-src=\"https:\/\/www.slovenskabanska.sk\/wp-content\/gallery\/firma\/Stolna-Jan-Krstitel-Foto%C2%A9Luzina-23-scaled.jpg\"\n               data-thumbnail=\"https:\/\/www.slovenskabanska.sk\/wp-content\/gallery\/firma\/thumbs\/thumbs_Stolna-Jan-Krstitel-Foto%C2%A9Luzina-23-scaled.jpg\"\n               data-image-id=\"47\"\n               data-title=\"Stolna-Jan-Krstitel-Foto\u00a9Luzina-23-scaled\"\n               data-description=\"\"\n               data-image-slug=\"stolna-jan-krstitel-foto%c2%a9luzina-23-scaled\"\n               class=\"ngg-simplelightbox\" rel=\"60a6b3b2340d5313af5cb9e5c6fd36ae\">\n                <img\n                    title=\"Stolna-Jan-Krstitel-Foto\u00a9Luzina-23-scaled\"\n                    alt=\"Stolna-Jan-Krstitel-Foto\u00a9Luzina-23-scaled\"\n                    src=\"https:\/\/www.slovenskabanska.sk\/wp-content\/gallery\/firma\/thumbs\/thumbs_Stolna-Jan-Krstitel-Foto%C2%A9Luzina-23-scaled.jpg\"\n                    width=\"240\"\n                    height=\"160\"\n                    style=\"max-width:100%;\"\n                \/>\n            <\/a>\n        <\/div>\n\t\t\t\t\t\t\t<\/div> \n\t\t\t\n\t\t\t\t<div id=\"ngg-image-12\" class=\"ngg-gallery-thumbnail-box \" >\n\t\t\t\t        <div class=\"ngg-gallery-thumbnail\">\n            <a href=\"https:\/\/www.slovenskabanska.sk\/wp-content\/gallery\/firma\/Stolna-Jan-Krstitel-Foto%C2%A9Luzina-37-scaled.jpg\"\n               title=\"\"\n               data-src=\"https:\/\/www.slovenskabanska.sk\/wp-content\/gallery\/firma\/Stolna-Jan-Krstitel-Foto%C2%A9Luzina-37-scaled.jpg\"\n               data-thumbnail=\"https:\/\/www.slovenskabanska.sk\/wp-content\/gallery\/firma\/thumbs\/thumbs_Stolna-Jan-Krstitel-Foto%C2%A9Luzina-37-scaled.jpg\"\n               data-image-id=\"48\"\n               data-title=\"Stolna-Jan-Krstitel-Foto\u00a9Luzina-37-scaled\"\n               data-description=\"\"\n               data-image-slug=\"stolna-jan-krstitel-foto%c2%a9luzina-37-scaled\"\n               class=\"ngg-simplelightbox\" rel=\"60a6b3b2340d5313af5cb9e5c6fd36ae\">\n                <img\n                    title=\"Stolna-Jan-Krstitel-Foto\u00a9Luzina-37-scaled\"\n                    alt=\"Stolna-Jan-Krstitel-Foto\u00a9Luzina-37-scaled\"\n                    src=\"https:\/\/www.slovenskabanska.sk\/wp-content\/gallery\/firma\/thumbs\/thumbs_Stolna-Jan-Krstitel-Foto%C2%A9Luzina-37-scaled.jpg\"\n                    width=\"240\"\n                    height=\"160\"\n                    style=\"max-width:100%;\"\n                \/>\n            <\/a>\n        <\/div>\n\t\t\t\t\t\t\t<\/div> \n\t\t\t\n\t\t\t\t<div id=\"ngg-image-13\" class=\"ngg-gallery-thumbnail-box \" >\n\t\t\t\t        <div class=\"ngg-gallery-thumbnail\">\n            <a href=\"https:\/\/www.slovenskabanska.sk\/wp-content\/gallery\/firma\/TAJCH.jpg\"\n               title=\"\"\n               data-src=\"https:\/\/www.slovenskabanska.sk\/wp-content\/gallery\/firma\/TAJCH.jpg\"\n               data-thumbnail=\"https:\/\/www.slovenskabanska.sk\/wp-content\/gallery\/firma\/thumbs\/thumbs_TAJCH.jpg\"\n               data-image-id=\"49\"\n               data-title=\"TAJCH\"\n               data-description=\"\"\n               data-image-slug=\"tajch\"\n               class=\"ngg-simplelightbox\" rel=\"60a6b3b2340d5313af5cb9e5c6fd36ae\">\n                <img\n                    title=\"TAJCH\"\n                    alt=\"TAJCH\"\n                    src=\"https:\/\/www.slovenskabanska.sk\/wp-content\/gallery\/firma\/thumbs\/thumbs_TAJCH.jpg\"\n                    width=\"240\"\n                    height=\"160\"\n                    style=\"max-width:100%;\"\n                \/>\n            <\/a>\n        <\/div>\n\t\t\t\t\t\t\t<\/div> \n\t\t\t\n\t\n\t<br style=\"clear: both\" \/>\n\n\t\n\t\t<!-- Pagination -->\n\t<div class='ngg-clear'><\/div>\t<\/div>\n\n","protected":false},"excerpt":{"rendered":"<p>Slovensk\u00e1 bansk\u00e1, spol. s r.o. Hodru\u0161a-H\u00e1mre je bansk\u00e1 a obchodn\u00e1 spolo\u010dnos\u0165 zalo\u017een\u00e1 v roku 1993, ktorej hlavnou v\u00fdrobnou \u010dinnos\u0165ou je \u0165a\u017eba a spracovanie polymetalick\u00fdch r\u00fad. Nadv\u00e4zuje pritom na trad\u00edciu mnoh\u00fdch predch\u00e1dzaj\u00facich \u0161t\u00e1tnych aj s\u00fakromn\u00fdch bansk\u00fdch spolo\u010dnost\u00ed p\u00f4sobiacich v minulosti v&hellip; <\/p>\n","protected":false},"author":1,"featured_media":65,"parent":0,"menu_order":1,"comment_status":"closed","ping_status":"closed","template":"","meta":{"ngg_post_thumbnail":0},"_links":{"self":[{"href":"https:\/\/www.slovenskabanska.sk\/index.php?rest_route=\/wp\/v2\/pages\/8"}],"collection":[{"href":"https:\/\/www.slovenskabanska.sk\/index.php?rest_route=\/wp\/v2\/pages"}],"about":[{"href":"https:\/\/www.slovenskabanska.sk\/index.php?rest_route=\/wp\/v2\/types\/page"}],"author":[{"embeddable":true,"href":"https:\/\/www.slovenskabanska.sk\/index.php?rest_route=\/wp\/v2\/users\/1"}],"replies":[{"embeddable":true,"href":"https:\/\/www.slovenskabanska.sk\/index.php?rest_route=%2Fwp%2Fv2%2Fcomments&post=8"}],"version-history":[{"count":15,"href":"https:\/\/www.slovenskabanska.sk\/index.php?rest_route=\/wp\/v2\/pages\/8\/revisions"}],"predecessor-version":[{"id":476,"href":"https:\/\/www.slovenskabanska.sk\/index.php?rest_route=\/wp\/v2\/pages\/8\/revisions\/476"}],"wp:featuredmedia":[{"embeddable":true,"href":"https:\/\/www.slovenskabanska.sk\/index.php?rest_route=\/wp\/v2\/media\/65"}],"wp:attachment":[{"href":"https:\/\/www.slovenskabanska.sk\/index.php?rest_route=%2Fwp%2Fv2%2Fmedia&parent=8"}],"curies":[{"name":"wp","href":"https:\/\/api.w.org\/{rel}","templated":true}]}}